{"id":438,"date":"2025-09-19T08:15:05","date_gmt":"2025-09-19T06:15:05","guid":{"rendered":"https:\/\/ribera.seoagil.com\/politica-de-cookies-ue\/"},"modified":"2025-09-19T08:15:05","modified_gmt":"2025-09-19T06:15:05","slug":"politica-de-cookies-ue","status":"publish","type":"page","link":"https:\/\/www.ribera-veganzones.com\/fr\/politica-de-cookies-ue\/","title":{"rendered":"Politique de cookies (UE)"},"content":{"rendered":"<!-- Legal document generated by Complianz | GDPR\/CCPA Cookie Consent https:\/\/wordpress.org\/plugins\/complianz-gdpr -->\n<div id=\"cmplz-document\" class=\"cmplz-document cookie-statement cmplz-document-eu\"><p><i>This Cookie Policy was last updated on September 19, 2025 and applies to citizens and legal permanent residents of the European Economic Area and Switzerland.<\/i><br><\/p><h2>1. Introduction<\/h2><p>Notre site web, <a href=\"https:\/\/www.ribera-veganzones.com\/fr\">https:\/\/www.ribera-veganzones.com\/fr<\/a> (hereinafter: \u201cthe website\u201d) uses cookies and other related technologies (for convenience all technologies are referred to as \u201ccookies\u201d). Cookies are also placed by third parties we have engaged. In the document below we inform you about the use of cookies on our website.<\/p><h2>2. Qu'est-ce que les cookies ?<\/h2><p>Un cookie est un petit fichier simple qui est envoy\u00e9 avec les pages de ce site web et stock\u00e9 par votre navigateur sur le disque dur de votre ordinateur ou d'un autre appareil. Les informations qui y sont stock\u00e9es peuvent \u00eatre renvoy\u00e9es \u00e0 nos serveurs ou aux serveurs des tiers concern\u00e9s lors d'une visite ult\u00e9rieure.<\/p><h2>3. Qu'est-ce que les scripts ?<\/h2><p>Un script est un morceau de code de programme utilis\u00e9 pour faire fonctionner notre site web de mani\u00e8re correcte et interactive. Ce code est ex\u00e9cut\u00e9 sur notre serveur ou sur votre appareil.<\/p><h2>4. Qu'est-ce qu'un mouchard web ?<\/h2><p>Un pixel espion (ou balise web) est un petit \u00e9l\u00e9ment de texte ou une image invisible sur un site web utilis\u00e9 pour surveiller le trafic sur ce site. Pour ce faire, diverses donn\u00e9es vous concernant sont stock\u00e9es \u00e0 l'aide de pixels espions.<\/p><h2>5. Cookies<\/h2><p class=\"cmplz-subtitle\">5.1 Cookies techniques ou fonctionnelles<\/p><p>Certains cookies garantissent que certaines parties du site web fonctionnent correctement et que vos pr\u00e9f\u00e9rences utilisateur restent connues. En pla\u00e7ant des cookies fonctionnels, nous facilitons votre visite sur notre site web. Ainsi, vous n'avez pas besoin de saisir plusieurs fois les m\u00eames informations lors de votre visite et, par exemple, les articles restent dans votre panier jusqu'\u00e0 ce que vous ayez pay\u00e9. Nous pouvons placer ces cookies sans votre consentement.<\/p><p class=\"cmplz-subtitle\">5.2 Cookies statistiques<\/p><p>We use statistics cookies to optimize the website experience for our users. With these statistics cookies we get insights in the usage of our website.\u00a0We ask your permission to place statistics cookies.<\/p><p class=\"cmplz-subtitle\">5.3 Cookies de marketing\/suivi<\/p><p>Les cookies de marketing\/suivi sont des cookies ou toute autre forme de stockage local, utilis\u00e9s pour cr\u00e9er des profils d'utilisateurs afin d'afficher de la publicit\u00e9 ou pour suivre l'utilisateur sur ce site web ou sur plusieurs sites web \u00e0 des fins marketing similaires.<\/p><h2>6. Cookies plac\u00e9s<\/h2><div id=\"cmplz-cookies-overview\"><details class=\"cmplz-dropdown cmplz-service-desc cmplz-dropdown-cookiepolicy\">\n\t<summary class=\"cmplz-service-header\"><div>\n\t\t<h3>WordPress<\/h3>\n\t\t<p>Purpose pending investigation<\/p>\n\t\t<label for=\"cmplz_service_wordpress\" class=\"cmplz_consent_per_service_label\"><span class=\"screen-reader-text\">Consent to service wordpress<\/span><\/label>\n\t\t<input type=\"checkbox\" id=\"cmplz_service_wordpress\" class=\"cmplz-accept-service cmplz-hidden\" data-service=\"wordpress\" data-category=\"functional\"><\/div>\n\t<\/summary>\n\t<div class=\"cmplz-service-description\">\n\t\t<h4>Usage<\/h4>\n\t\t<p><\/p>\n\t<\/div>\n\t<div class=\"cmplz-sharing-data\">\n\t\t<h4>Sharing data<\/h4>\n\t\t<p>This data is not shared with third parties.<\/p>\n\t<\/div>\n\t<div class=\"cookies-per-purpose\">\n    <div class=\"purpose\"><h4>Purpose pending investigation<\/h4><\/div>\n    <div class=\"name-header\">\n\t<h5>Name<\/h5>\n<\/div>\n<div class=\"name\"><a target=\"_blank\" rel=\"noopener noreferrer nofollow\" href=\"https:\/\/cookiedatabase.org\/cookie\/unknown-service\/wp-settings-time\/\">wp-settings-time-*<\/a><\/div>\n<div class=\"retention-header\">\n\t<h5>Expiration<\/h5>\n<\/div>\n<div class=\"retention\"><\/div>\n<div class=\"function-header\">\n\t<h5>Function<\/h5>\n<\/div>\n<div class=\"function\"><\/div>\n\n<\/div>\n<\/details>\n<details class=\"cmplz-dropdown cmplz-service-desc cmplz-dropdown-cookiepolicy\">\n\t<summary class=\"cmplz-service-header\"><div>\n\t\t<h3>WordPress<\/h3>\n\t\t<p>Purpose pending investigation<\/p>\n\t\t<label for=\"cmplz_service_wordpress\" class=\"cmplz_consent_per_service_label\"><span class=\"screen-reader-text\">Consent to service wordpress<\/span><\/label>\n\t\t<input type=\"checkbox\" id=\"cmplz_service_wordpress\" class=\"cmplz-accept-service cmplz-hidden\" data-service=\"wordpress\" data-category=\"functional\"><\/div>\n\t<\/summary>\n\t<div class=\"cmplz-service-description\">\n\t\t<h4>Usage<\/h4>\n\t\t<p>We use WordPress for website development. <a target=\"_blank\" rel=\"noopener noreferrer nofollow\" href=\"https:\/\/cookiedatabase.org\/service\/wordpress\/\">Read more about WordPress<\/a><\/p>\n\t<\/div>\n\t<div class=\"cmplz-sharing-data\">\n\t\t<h4>Sharing data<\/h4>\n\t\t<p>This data is not shared with third parties.<\/p>\n\t<\/div>\n\t<div class=\"cookies-per-purpose\">\n    <div class=\"purpose\"><h4>Purpose pending investigation<\/h4><\/div>\n    <div class=\"name-header\">\n\t<h5>Name<\/h5>\n<\/div>\n<div class=\"name\"><a target=\"_blank\" rel=\"noopener noreferrer nofollow\" href=\"https:\/\/cookiedatabase.org\/cookie\/wordpress\/wordpress_test_cookie\/\">wordpress_test_cookie<\/a><\/div>\n<div class=\"retention-header\">\n\t<h5>Expiration<\/h5>\n<\/div>\n<div class=\"retention\"><\/div>\n<div class=\"function-header\">\n\t<h5>Function<\/h5>\n<\/div>\n<div class=\"function\"><\/div>\n<div class=\"name-header\">\n\t<h5>Name<\/h5>\n<\/div>\n<div class=\"name\"><a target=\"_blank\" rel=\"noopener noreferrer nofollow\" href=\"https:\/\/cookiedatabase.org\/cookie\/wordpress\/wordpress_logged_in_\/\">wordpress_logged_in_*<\/a><\/div>\n<div class=\"retention-header\">\n\t<h5>Expiration<\/h5>\n<\/div>\n<div class=\"retention\"><\/div>\n<div class=\"function-header\">\n\t<h5>Function<\/h5>\n<\/div>\n<div class=\"function\"><\/div>\n\n<\/div>\n<\/details>\n<details class=\"cmplz-dropdown cmplz-service-desc cmplz-dropdown-cookiepolicy\">\n\t<summary class=\"cmplz-service-header\"><div>\n\t\t<h3>Miscellaneous<\/h3>\n\t\t<p>Purpose pending investigation<\/p>\n\t\t<label for=\"cmplz_service_miscellaneous\" class=\"cmplz_consent_per_service_label\"><span class=\"screen-reader-text\">Consent to service miscellaneous<\/span><\/label>\n\t\t<input type=\"checkbox\" id=\"cmplz_service_miscellaneous\" class=\"cmplz-accept-service cmplz-hidden\" data-service=\"miscellaneous\" data-category=\"functional\"><\/div>\n\t<\/summary>\n\t<div class=\"cmplz-service-description\">\n\t\t<h4>Usage<\/h4>\n\t\t<p><\/p>\n\t<\/div>\n\t<div class=\"cmplz-sharing-data\">\n\t\t<h4>Sharing data<\/h4>\n\t\t<p>Sharing of data is pending investigation<\/p>\n\t<\/div>\n\t<div class=\"cookies-per-purpose\">\n    <div class=\"purpose\"><h4>Purpose pending investigation<\/h4><\/div>\n    <div class=\"name-header\">\n\t<h5>Name<\/h5>\n<\/div>\n<div class=\"name\">cmplz_consented_services<\/div>\n<div class=\"retention-header\">\n\t<h5>Expiration<\/h5>\n<\/div>\n<div class=\"retention\">365 days<\/div>\n<div class=\"function-header\">\n\t<h5>Function<\/h5>\n<\/div>\n<div class=\"function\"><\/div>\n<div class=\"name-header\">\n\t<h5>Name<\/h5>\n<\/div>\n<div class=\"name\">cmplz_policy_id<\/div>\n<div class=\"retention-header\">\n\t<h5>Expiration<\/h5>\n<\/div>\n<div class=\"retention\">365 days<\/div>\n<div class=\"function-header\">\n\t<h5>Function<\/h5>\n<\/div>\n<div class=\"function\"><\/div>\n<div class=\"name-header\">\n\t<h5>Name<\/h5>\n<\/div>\n<div class=\"name\">cmplz_marketing<\/div>\n<div class=\"retention-header\">\n\t<h5>Expiration<\/h5>\n<\/div>\n<div class=\"retention\">365 days<\/div>\n<div class=\"function-header\">\n\t<h5>Function<\/h5>\n<\/div>\n<div class=\"function\"><\/div>\n<div class=\"name-header\">\n\t<h5>Name<\/h5>\n<\/div>\n<div class=\"name\">cmplz_statistics<\/div>\n<div class=\"retention-header\">\n\t<h5>Expiration<\/h5>\n<\/div>\n<div class=\"retention\">365 days<\/div>\n<div class=\"function-header\">\n\t<h5>Function<\/h5>\n<\/div>\n<div class=\"function\"><\/div>\n<div class=\"name-header\">\n\t<h5>Name<\/h5>\n<\/div>\n<div class=\"name\">cmplz_preferences<\/div>\n<div class=\"retention-header\">\n\t<h5>Expiration<\/h5>\n<\/div>\n<div class=\"retention\">365 days<\/div>\n<div class=\"function-header\">\n\t<h5>Function<\/h5>\n<\/div>\n<div class=\"function\"><\/div>\n<div class=\"name-header\">\n\t<h5>Name<\/h5>\n<\/div>\n<div class=\"name\">cmplz_functional<\/div>\n<div class=\"retention-header\">\n\t<h5>Expiration<\/h5>\n<\/div>\n<div class=\"retention\">365 days<\/div>\n<div class=\"function-header\">\n\t<h5>Function<\/h5>\n<\/div>\n<div class=\"function\"><\/div>\n<div class=\"name-header\">\n\t<h5>Name<\/h5>\n<\/div>\n<div class=\"name\">cmplz_banner-status<\/div>\n<div class=\"retention-header\">\n\t<h5>Expiration<\/h5>\n<\/div>\n<div class=\"retention\">365 days<\/div>\n<div class=\"function-header\">\n\t<h5>Function<\/h5>\n<\/div>\n<div class=\"function\"><\/div>\n\n<\/div>\n<\/details>\n<\/div><h2>7. Consentement<\/h2><p>When you visit our website for the first time, we will show you a pop-up with an explanation about cookies. As soon as you click on \u201cDesa les prefer\u00e8ncies\u201d, you consent to us using the categories of cookies and plug-ins you selected in the pop-up, as described in this Cookie Policy. You can disable the use of cookies via your browser, but please note that our website may no longer work properly.<\/p><p class=\"cmplz-subtitle\">7.1 G\u00e9rez vos param\u00e8tres de consentement<\/p><div id=\"cmplz-manage-consent-container-nojavascript\">You have loaded the Cookie Policy without javascript support.&nbsp;On AMP, you can use the manage consent button on the bottom of the page.<\/div><div id=\"cmplz-manage-consent-container\" name=\"cmplz-manage-consent-container\" class=\"cmplz-manage-consent-container\"><\/div><h2>8. Activation\/d\u00e9sactivation et suppression des cookies<\/h2><p>Vous pouvez utiliser votre navigateur internet pour supprimer automatiquement ou manuellement les cookies. Vous pouvez \u00e9galement sp\u00e9cifier que certains cookies ne soient pas plac\u00e9s. Une autre option consiste \u00e0 modifier les param\u00e8tres de votre navigateur internet afin de recevoir un message chaque fois qu'un cookie est plac\u00e9. Pour plus d'informations sur ces options, veuillez consulter les instructions dans la section Aide de votre navigateur.<\/p><p>Veuillez noter que notre site web peut ne pas fonctionner correctement si tous les cookies sont d\u00e9sactiv\u00e9s. Si vous supprimez les cookies dans votre navigateur, ils seront \u00e0 nouveau plac\u00e9s apr\u00e8s votre consentement lors de votre prochaine visite sur notre site.<\/p><h2>9. Vos droits concernant les donn\u00e9es personnelles<\/h2><p>Vous disposez des droits suivants concernant vos donn\u00e9es personnelles :<\/p><ul>\n                    <li>Vous avez le droit de savoir pourquoi vos donn\u00e9es personnelles sont n\u00e9cessaires, ce qui leur arrivera et combien de temps elles seront conserv\u00e9es.<\/li>\n                    <li>Droit d'acc\u00e8s : Vous avez le droit d'acc\u00e9der \u00e0 vos donn\u00e9es personnelles que nous d\u00e9tenons.<\/li>\n                    <li>Droit de rectification : vous avez le droit de compl\u00e9ter, corriger, faire supprimer ou bloquer vos donn\u00e9es personnelles \u00e0 tout moment.<\/li>\n                    <li>Si vous nous donnez votre consentement pour traiter vos donn\u00e9es, vous avez le droit de retirer ce consentement et de faire supprimer vos donn\u00e9es personnelles.<\/li>\n                    <li>Droit de transf\u00e9rer vos donn\u00e9es : vous avez le droit de demander toutes vos donn\u00e9es personnelles au responsable du traitement et de les transf\u00e9rer int\u00e9gralement \u00e0 un autre responsable du traitement.<\/li>\n                    <li>Droit d'opposition : vous pouvez vous opposer au traitement de vos donn\u00e9es. Nous respectons cette opposition, sauf s'il existe des motifs l\u00e9gitimes justifiant le traitement.<\/li>\n                <\/ul><p>Pour exercer ces droits, veuillez nous contacter. Veuillez vous r\u00e9f\u00e9rer aux coordonn\u00e9es figurant en bas de cette politique relative aux cookies. Si vous avez une plainte concernant la mani\u00e8re dont nous traitons vos donn\u00e9es, nous souhaitons en \u00eatre inform\u00e9s, mais vous avez \u00e9galement le droit de d\u00e9poser une plainte aupr\u00e8s de l'autorit\u00e9 de contr\u00f4le (l'Autorit\u00e9 de protection des donn\u00e9es).<\/p><h2>10. Coordonn\u00e9es<\/h2><p>Pour toute question et\/ou commentaire concernant notre politique en mati\u00e8re de cookies et cette d\u00e9claration, veuillez nous contacter en utilisant les coordonn\u00e9es suivantes :<\/p><p><span class=\"cmplz-contact-organisation\">Ribera Veganzones Avocats<\/span><br>\n                      <span class=\"cmplz-contact-address\">C\/ de la Uni\u00f3, 13, 2e 2a \u00b7 AD500 Andorre-la-Vieille<br \/>\n<br \/>\n<\/span><br>\n                      <span class=\"cmplz-contact-country\">Andorre<\/span><br>\n                    Site web : <span class=\"cmplz-contact-domain\"><a href=\"https:\/\/www.ribera-veganzones.com\/fr\">https:\/\/www.ribera-veganzones.com\/fr<\/a><\/span><br>\n                    Courriel : <span class=\"cmplz-contact-email\"><span class=\"cmplz-obfuscate\">i&#110;&#102;o@<span class=\"cmplz-fmail-domain\">e&#120;&#046;co&#109;<\/span>r&#105;b&#101;r&#097;&#045;v&#101;&#103;an&#122;&#111;nes.co&#109;<\/span><\/span><br>\n                    <span class=\"cmplz-contact-telephone\">Num\u00e9ro de t\u00e9l\u00e9phone : +376 828 405<\/span><\/p><p>Cette politique relative aux cookies a \u00e9t\u00e9 synchronis\u00e9e avec <a href=\"https:\/\/cookiedatabase.org\/\" target=\"_blank\">cookiedatabase.org<\/a> on December 7, 2025.<\/p><\/div>","protected":false},"excerpt":{"rendered":"","protected":false},"author":1,"featured_media":0,"parent":0,"menu_order":0,"comment_status":"closed","ping_status":"closed","template":"","meta":{"footnotes":""},"class_list":["post-438","page","type-page","status-publish","hentry"],"_links":{"self":[{"href":"https:\/\/www.ribera-veganzones.com\/fr\/wp-json\/wp\/v2\/pages\/438","targetHints":{"allow":["GET"]}}],"collection":[{"href":"https:\/\/www.ribera-veganzones.com\/fr\/wp-json\/wp\/v2\/pages"}],"about":[{"href":"https:\/\/www.ribera-veganzones.com\/fr\/wp-json\/wp\/v2\/types\/page"}],"author":[{"embeddable":true,"href":"https:\/\/www.ribera-veganzones.com\/fr\/wp-json\/wp\/v2\/users\/1"}],"replies":[{"embeddable":true,"href":"https:\/\/www.ribera-veganzones.com\/fr\/wp-json\/wp\/v2\/comments?post=438"}],"version-history":[{"count":0,"href":"https:\/\/www.ribera-veganzones.com\/fr\/wp-json\/wp\/v2\/pages\/438\/revisions"}],"wp:attachment":[{"href":"https:\/\/www.ribera-veganzones.com\/fr\/wp-json\/wp\/v2\/media?parent=438"}],"curies":[{"name":"wp","href":"https:\/\/api.w.org\/{rel}","templated":true}]}}